{"id":75,"date":"2017-09-12T16:50:49","date_gmt":"2017-09-12T15:50:49","guid":{"rendered":"http:\/\/sirius.orlicemb.cz\/subdom\/sirius\/?page_id=75"},"modified":"2017-09-12T18:04:40","modified_gmt":"2017-09-12T17:04:40","slug":"dulezite-odkazy","status":"publish","type":"page","link":"https:\/\/sirius.orlicemb.cz\/subdom\/sirius\/?page_id=75","title":{"rendered":"D\u016fle\u017eit\u00e9 odkazy"},"content":{"rendered":"<p><a href=\"http:\/\/orlicemb.cz\">Str\u00e1nky st\u0159ediska<\/a><\/p>\n<p><a href=\"https:\/\/www.zonerama.com\/strediskomoravskaorlice\/201105\">St\u0159ediskov\u00e1 fotogalerie<\/a><\/p>\n<p><a href=\"http:\/\/slunecnice.orlicemb.cz\">4. d\u00edv\u010d\u00ed odd\u00edl Slune\u010dnice (skautky)<\/a><\/p>\n<p><a href=\"http:\/\/hvezda.orlicemb.cz\/subdom\/hvezda\/\">5. chlapeck\u00fd odd\u00edl Hv\u011bzda (skauti)<\/a><\/p>\n<p><a href=\"http:\/\/svetlusky-mb.webnode.cz\">6. roj sv\u011btlu\u0161ek<\/a><\/p>\n<p><a href=\"http:\/\/obzor.orlicemb.cz\/subdom\/obzor\/\">7. roversk\u00fd kmen Obzor<\/a><\/p>\n<p><a href=\"http:\/\/dobrokvitci.webnode.cz\">11. sm\u00ed\u0161en\u00fd odd\u00edl Sk\u0159\u00edtci (p\u0159ed\u0161kol\u00e1ci)<\/a><\/p>\n<p><a href=\"https:\/\/www.skaut.cz\">skaut.cz<\/a><\/p>\n<p>&nbsp;<\/p>\n<p>&nbsp;<\/p>\n","protected":false},"excerpt":{"rendered":"<p>Str\u00e1nky st\u0159ediska St\u0159ediskov\u00e1 fotogalerie 4. d\u00edv\u010d\u00ed odd\u00edl Slune\u010dnice (skautky) 5. chlapeck\u00fd odd\u00edl Hv\u011bzda (skauti) 6. roj sv\u011btlu\u0161ek 7. roversk\u00fd kmen Obzor 11. sm\u00ed\u0161en\u00fd odd\u00edl Sk\u0159\u00edtci (p\u0159ed\u0161kol\u00e1ci) skaut.cz &nbsp; &nbsp;<\/p>\n","protected":false},"author":1,"featured_media":0,"parent":0,"menu_order":0,"comment_status":"closed","ping_status":"closed","template":"","meta":{"footnotes":""},"class_list":["post-75","page","type-page","status-publish","hentry"],"_links":{"self":[{"href":"https:\/\/sirius.orlicemb.cz\/subdom\/sirius\/index.php?rest_route=\/wp\/v2\/pages\/75","targetHints":{"allow":["GET"]}}],"collection":[{"href":"https:\/\/sirius.orlicemb.cz\/subdom\/sirius\/index.php?rest_route=\/wp\/v2\/pages"}],"about":[{"href":"https:\/\/sirius.orlicemb.cz\/subdom\/sirius\/index.php?rest_route=\/wp\/v2\/types\/page"}],"author":[{"embeddable":true,"href":"https:\/\/sirius.orlicemb.cz\/subdom\/sirius\/index.php?rest_route=\/wp\/v2\/users\/1"}],"replies":[{"embeddable":true,"href":"https:\/\/sirius.orlicemb.cz\/subdom\/sirius\/index.php?rest_route=%2Fwp%2Fv2%2Fcomments&post=75"}],"version-history":[{"count":3,"href":"https:\/\/sirius.orlicemb.cz\/subdom\/sirius\/index.php?rest_route=\/wp\/v2\/pages\/75\/revisions"}],"predecessor-version":[{"id":98,"href":"https:\/\/sirius.orlicemb.cz\/subdom\/sirius\/index.php?rest_route=\/wp\/v2\/pages\/75\/revisions\/98"}],"wp:attachment":[{"href":"https:\/\/sirius.orlicemb.cz\/subdom\/sirius\/index.php?rest_route=%2Fwp%2Fv2%2Fmedia&parent=75"}],"curies":[{"name":"wp","href":"https:\/\/api.w.org\/{rel}","templated":true}]}}